{"id":54,"date":"2018-11-15T20:00:57","date_gmt":"2018-11-15T19:00:57","guid":{"rendered":"http:\/\/elektro-kramer.alpha-homepage.de\/?page_id=54"},"modified":"2018-11-15T20:00:57","modified_gmt":"2018-11-15T19:00:57","slug":"jobs","status":"publish","type":"page","link":"https:\/\/elektro-kramer.de\/?page_id=54","title":{"rendered":"Jobs\/Ausbildung"},"content":{"rendered":"\n[et_pb_section fb_built=&#8220;1&#8243; admin_label=&#8220;Services&#8220; _builder_version=&#8220;4.0.6&#8243; background_color=&#8220;#000000&#8243; custom_padding=&#8220;54px|0px|54px|0px|false|false&#8220;][et_pb_row _builder_version=&#8220;3.25&#8243; custom_margin=&#8220;|||&#8220; custom_padding=&#8220;|||&#8220;][et_pb_column type=&#8220;4_4&#8243; _builder_version=&#8220;3.25&#8243; custom_padding=&#8220;|||&#8220; custom_padding__hover=&#8220;|||&#8220;][et_pb_text _builder_version=&#8220;4.0.6&#8243; text_font=&#8220;||||||||&#8220; text_text_color=&#8220;#ffffff&#8220; text_font_size=&#8220;16px&#8220; text_line_height=&#8220;1.8em&#8220; header_font=&#8220;Libre Franklin|600|||||||&#8220; header_text_color=&#8220;#ffb400&#8243; header_font_size=&#8220;60px&#8220; header_line_height=&#8220;1.4em&#8220; max_width=&#8220;600px&#8220; header_font_size_tablet=&#8220;&#8220; header_font_size_phone=&#8220;32px&#8220; header_font_size_last_edited=&#8220;on|phone&#8220;]<h1>Jobs\/Ausbildung<\/h1>\n<p>Elektroinstallateur \/ Elektroniker f\u00fcr Energie- und Geb\u00e4udetechnik (m\/w\/d)<\/p>[\/et_pb_text][\/et_pb_column][\/et_pb_row][et_pb_row _builder_version=&#8220;3.25&#8243; locked=&#8220;off&#8220;][et_pb_column type=&#8220;4_4&#8243; _builder_version=&#8220;3.25&#8243; custom_padding=&#8220;|||&#8220; custom_padding__hover=&#8220;|||&#8220;][et_pb_image src=&#8220;https:\/\/elektro-kramer.de\/wp-content\/uploads\/2018\/11\/electrician_04.png&#8220; _builder_version=&#8220;4.0.6&#8243; custom_margin=&#8220;||4px|&#8220; animation_style=&#8220;fold&#8220; animation_direction=&#8220;top&#8220; always_center_on_mobile=&#8220;off&#8220;][\/et_pb_image][et_pb_text _builder_version=&#8220;4.0.6&#8243; quote_font=&#8220;||||||||&#8220; header_font=&#8220;||||||||&#8220; header_2_font=&#8220;Libre Franklin|600|||||||&#8220; header_2_text_color=&#8220;#ffb400&#8243; header_2_font_size=&#8220;18px&#8220; header_2_line_height=&#8220;1.8em&#8220; header_6_font=&#8220;Libre Franklin|600|||||||&#8220; header_6_text_color=&#8220;#004ffe&#8220; header_6_font_size=&#8220;18px&#8220; header_6_line_height=&#8220;1.8em&#8220; max_width=&#8220;400px&#8220; custom_margin=&#8220;|||&#8220; border_color_all=&#8220;#ffb400&#8243; border_width_bottom=&#8220;2px&#8220; locked=&#8220;off&#8220;]<h2>Elektroinstallateur \/ Elektroniker f\u00fcr Energie- und Geb\u00e4udetechnik<\/h2>[\/et_pb_text][et_pb_text _builder_version=&#8220;4.0.6&#8243; text_font=&#8220;||||||||&#8220; header_font=&#8220;||||||||&#8220; header_font_size=&#8220;25px&#8220; header_2_font=&#8220;Libre Franklin|300|||||||&#8220; header_2_text_color=&#8220;#ffb400&#8243; header_2_font_size=&#8220;20px&#8220; header_2_line_height=&#8220;1.4em&#8220; header_2_font_size_tablet=&#8220;&#8220; header_2_font_size_phone=&#8220;32px&#8220; header_2_font_size_last_edited=&#8220;on|phone&#8220; locked=&#8220;off&#8220;]<h2><strong>Ihre Aufgaben<\/strong><\/h2>[\/et_pb_text][et_pb_text _builder_version=&#8220;4.0.6&#8243; text_font=&#8220;|600|||||||&#8220; text_font_size=&#8220;16px&#8220; text_line_height=&#8220;1.8em&#8220; ul_font=&#8220;||||||||&#8220; ul_text_color=&#8220;#ffffff&#8220; ul_line_height=&#8220;1.8em&#8220; ol_font=&#8220;||||||||&#8220; header_font=&#8220;||||||||&#8220; header_3_font=&#8220;Libre Franklin|600|||||||&#8220; header_3_text_color=&#8220;#000000&#8243; header_3_line_height=&#8220;1.8em&#8220; custom_margin=&#8220;||10px|&#8220; locked=&#8220;off&#8220;]<ul wfd-id=\"108\">\n<li wfd-id=\"111\">Installation von Energie- und Geb\u00e4udetechnik;<\/li>\n<li wfd-id=\"110\">Service- Kunden- und Notdienst;<\/li>\n<li wfd-id=\"109\">Vernetzung von Informations- und Telekommunikationstechniken.<\/li>\n<\/ul>[\/et_pb_text][et_pb_text _builder_version=&#8220;4.0.6&#8243; text_font=&#8220;||||||||&#8220; header_font=&#8220;||||||||&#8220; header_font_size=&#8220;25px&#8220; header_2_font=&#8220;Libre Franklin|300|||||||&#8220; header_2_text_color=&#8220;#ffb400&#8243; header_2_font_size=&#8220;20px&#8220; header_2_line_height=&#8220;1.4em&#8220; header_2_font_size_tablet=&#8220;&#8220; header_2_font_size_phone=&#8220;32px&#8220; header_2_font_size_last_edited=&#8220;on|phone&#8220; locked=&#8220;off&#8220;]<h2><strong>Ihr Profil<\/strong><\/h2>[\/et_pb_text][et_pb_text _builder_version=&#8220;4.0.6&#8243; text_font=&#8220;|600|||||||&#8220; text_font_size=&#8220;16px&#8220; text_line_height=&#8220;1.8em&#8220; ul_font=&#8220;||||||||&#8220; ul_text_color=&#8220;#ffffff&#8220; ul_line_height=&#8220;1.8em&#8220; ol_font=&#8220;||||||||&#8220; header_font=&#8220;||||||||&#8220; header_3_font=&#8220;Libre Franklin|600|||||||&#8220; header_3_text_color=&#8220;#000000&#8243; header_3_line_height=&#8220;1.8em&#8220; custom_margin=&#8220;||10px|&#8220; locked=&#8220;off&#8220;]<ul>\n \t<li>Ausbildung im Elektrohandwerk;<\/li>\n \t<li>Freude am Beruf;<\/li>\n \t<li>Kundenorientiertes Arbeiten;<\/li>\n<li>PKW F\u00fchrerschein w\u00e4re w\u00fcnschenswert.<\/li>\n<\/ul>[\/et_pb_text][et_pb_text _builder_version=&#8220;4.0.6&#8243; text_font=&#8220;||||||||&#8220; header_font=&#8220;||||||||&#8220; header_font_size=&#8220;25px&#8220; header_2_font=&#8220;Libre Franklin|300|||||||&#8220; header_2_text_color=&#8220;#ffb400&#8243; header_2_font_size=&#8220;20px&#8220; header_2_line_height=&#8220;1.4em&#8220; header_2_font_size_tablet=&#8220;&#8220; header_2_font_size_phone=&#8220;32px&#8220; header_2_font_size_last_edited=&#8220;on|phone&#8220; locked=&#8220;off&#8220;]<h2><strong>Wir bieten Ihnen<\/strong><\/h2>[\/et_pb_text][et_pb_text _builder_version=&#8220;4.0.6&#8243; text_font=&#8220;|600|||||||&#8220; text_font_size=&#8220;16px&#8220; text_line_height=&#8220;1.8em&#8220; ul_font=&#8220;||||||||&#8220; ul_text_color=&#8220;#ffffff&#8220; ul_line_height=&#8220;1.8em&#8220; ol_font=&#8220;||||||||&#8220; header_font=&#8220;||||||||&#8220; header_3_font=&#8220;Libre Franklin|600|||||||&#8220; header_3_text_color=&#8220;#000000&#8243; header_3_line_height=&#8220;1.8em&#8220; custom_margin=&#8220;||10px|&#8220; locked=&#8220;off&#8220;]<ul wfd-id=\"174\">\n<li wfd-id=\"179\">Sehr gute Verdienstm\u00f6glichkeiten;<\/li>\n<li wfd-id=\"178\">Berufliche Perspektiven und Weiterbildung;<\/li>\n<li wfd-id=\"177\">Urlaubs- und Weihnachtsgeld;<\/li>\n<li wfd-id=\"176\">Pers\u00f6nliche Arbeitskleidung und Werkzeug;<\/li>\n<li wfd-id=\"175\">Freundliche und respektvolle Mitarbeiter.<\/li>\n<\/ul>[\/et_pb_text][\/et_pb_column][\/et_pb_row][et_pb_row _builder_version=&#8220;3.25&#8243;][et_pb_column type=&#8220;4_4&#8243; _builder_version=&#8220;3.25&#8243; custom_padding=&#8220;|||&#8220; custom_padding__hover=&#8220;|||&#8220;][et_pb_image src=&#8220;https:\/\/elektro-kramer.de\/wp-content\/uploads\/2019\/12\/Dreieck-Rot.png&#8220; _builder_version=&#8220;4.0.6&#8243; custom_margin=&#8220;||4px|&#8220; animation_style=&#8220;fold&#8220; animation_direction=&#8220;top&#8220; always_center_on_mobile=&#8220;off&#8220; locked=&#8220;off&#8220;][\/et_pb_image][et_pb_text _builder_version=&#8220;4.0.6&#8243; text_font=&#8220;|600|||||||&#8220; text_text_color=&#8220;#ffffff&#8220; quote_font=&#8220;||||||||&#8220; header_font=&#8220;||||||||&#8220; header_2_font=&#8220;Libre Franklin|600|||||||&#8220; header_2_text_color=&#8220;#ffb400&#8243; header_2_font_size=&#8220;18px&#8220; header_2_line_height=&#8220;1.8em&#8220; header_6_font=&#8220;Libre Franklin|600|||||||&#8220; header_6_text_color=&#8220;#ffb400&#8243; header_6_font_size=&#8220;18px&#8220; header_6_line_height=&#8220;1.8em&#8220; max_width=&#8220;400px&#8220; custom_margin=&#8220;|||&#8220; border_color_all=&#8220;#ffb400&#8243; border_width_bottom=&#8220;2px&#8220; locked=&#8220;off&#8220;]<h2>Wir bilden aus:<\/h2>\n<p>&nbsp;<\/p>\n<p>Elektroniker f\u00fcr Energie- und Geb\u00e4udetechnik (m\/w\/d)<\/p>[\/et_pb_text][et_pb_text _builder_version=&#8220;4.0.6&#8243; text_font=&#8220;|600|||||||&#8220; text_text_color=&#8220;#ffffff&#8220; text_font_size=&#8220;16px&#8220; text_line_height=&#8220;1.8em&#8220; ul_font=&#8220;||||||||&#8220; ul_text_color=&#8220;#ffffff&#8220; ul_line_height=&#8220;1.8em&#8220; ol_font=&#8220;||||||||&#8220; header_font=&#8220;||||||||&#8220; header_3_font=&#8220;Libre Franklin|600|||||||&#8220; header_3_text_color=&#8220;#000000&#8243; header_3_line_height=&#8220;1.8em&#8220; custom_margin=&#8220;||10px|&#8220; locked=&#8220;off&#8220;]<p>Wir freuen uns auf Ihre Kurzbewerbung.<br \/>Gern per E-Mail: <span id=\"cloak25289\" wfd-id=\"18\"><a href=\"mailto:buero@elektro-kramer.de\">buero@elektro-kramer.de<\/a><\/span><\/p>[\/et_pb_text][\/et_pb_column][\/et_pb_row][\/et_pb_section][et_pb_section fb_built=&#8220;1&#8243; admin_label=&#8220;Contact Form&#8220; _builder_version=&#8220;3.22&#8243; background_color=&#8220;#ffb400&#8243; background_image=&#8220;https:\/\/elektro-kramer.de\/wp-content\/uploads\/2018\/11\/electrician_14.png&#8220; background_size=&#8220;initial&#8220; background_position=&#8220;bottom_left&#8220; min_height=&#8220;545px&#8220; custom_padding=&#8220;54px|0px|0|0px|false|false&#8220; global_module=&#8220;367&#8243; saved_tabs=&#8220;all&#8220;][et_pb_row column_structure=&#8220;2_3,1_3&#8243; _builder_version=&#8220;3.25&#8243; custom_padding=&#8220;0|0px|0|0px|false|false&#8220;][et_pb_column type=&#8220;2_3&#8243; _builder_version=&#8220;3.25&#8243; custom_padding=&#8220;|||&#8220; custom_padding__hover=&#8220;|||&#8220;][et_pb_contact_form email=&#8220;buero@elektro-kramer.de&#8220; submit_button_text=&#8220;SENDEN&#8220; admin_label=&#8220;Contact Form&#8220; module_id=&#8220;et_pb_contact_form_0&#8243; _builder_version=&#8220;4.0.6&#8243; form_field_background_color=&#8220;#ffffff&#8220; form_field_text_color=&#8220;#000000&#8243; captcha_font=&#8220;|600|||||||&#8220; captcha_text_color=&#8220;#000000&#8243; captcha_font_size=&#8220;14px&#8220; form_field_font=&#8220;|600|||||||&#8220; form_field_line_height=&#8220;1.8em&#8220; custom_button=&#8220;on&#8220; button_text_size=&#8220;14px&#8220; button_text_color=&#8220;#ffffff&#8220; button_bg_color=&#8220;#000000&#8243; button_border_width=&#8220;20px&#8220; button_border_color=&#8220;rgba(0,0,0,0)&#8220; button_border_radius=&#8220;0px&#8220; button_letter_spacing=&#8220;3px&#8220; button_font=&#8220;Libre Franklin|700||on|||||&#8220; button_icon=&#8220;%%3%%&#8220; hover_enabled=&#8220;0&#8243; box_shadow_style_button=&#8220;preset4&#8243; box_shadow_horizontal_button=&#8220;20px&#8220; box_shadow_vertical_button=&#8220;20px&#8220; box_shadow_spread_button=&#8220;-5px&#8220; box_shadow_color_button=&#8220;rgba(0,0,0,0.24)&#8220; form_background_color=&#8220;#ffffff&#8220; success_message=&#8220;Ihre Nachricht wurde erfolgreich \u00fcbermittelt.&#8220;][et_pb_contact_field field_id=&#8220;Name&#8220; field_title=&#8220;Name&#8220; _builder_version=&#8220;4.0.6&#8243; button_text_size__hover_enabled=&#8220;off&#8220; button_one_text_size__hover_enabled=&#8220;off&#8220; button_two_text_size__hover_enabled=&#8220;off&#8220; button_text_color__hover_enabled=&#8220;off&#8220; button_one_text_color__hover_enabled=&#8220;off&#8220; button_two_text_color__hover_enabled=&#8220;off&#8220; button_border_width__hover_enabled=&#8220;off&#8220; button_one_border_width__hover_enabled=&#8220;off&#8220; button_two_border_width__hover_enabled=&#8220;off&#8220; button_border_color__hover_enabled=&#8220;off&#8220; button_one_border_color__hover_enabled=&#8220;off&#8220; button_two_border_color__hover_enabled=&#8220;off&#8220; button_border_radius__hover_enabled=&#8220;off&#8220; button_one_border_radius__hover_enabled=&#8220;off&#8220; button_two_border_radius__hover_enabled=&#8220;off&#8220; button_letter_spacing__hover_enabled=&#8220;off&#8220; button_one_letter_spacing__hover_enabled=&#8220;off&#8220; button_two_letter_spacing__hover_enabled=&#8220;off&#8220; button_bg_color__hover_enabled=&#8220;off&#8220; button_one_bg_color__hover_enabled=&#8220;off&#8220; button_two_bg_color__hover_enabled=&#8220;off&#8220;][\/et_pb_contact_field][et_pb_contact_field field_id=&#8220;E-Mail&#8220; field_title=&#8220;E-Mail Adresse&#8220; field_type=&#8220;email&#8220; _builder_version=&#8220;4.0.6&#8243; button_text_size__hover_enabled=&#8220;off&#8220; button_one_text_size__hover_enabled=&#8220;off&#8220; button_two_text_size__hover_enabled=&#8220;off&#8220; button_text_color__hover_enabled=&#8220;off&#8220; button_one_text_color__hover_enabled=&#8220;off&#8220; button_two_text_color__hover_enabled=&#8220;off&#8220; button_border_width__hover_enabled=&#8220;off&#8220; button_one_border_width__hover_enabled=&#8220;off&#8220; button_two_border_width__hover_enabled=&#8220;off&#8220; button_border_color__hover_enabled=&#8220;off&#8220; button_one_border_color__hover_enabled=&#8220;off&#8220; button_two_border_color__hover_enabled=&#8220;off&#8220; button_border_radius__hover_enabled=&#8220;off&#8220; button_one_border_radius__hover_enabled=&#8220;off&#8220; button_two_border_radius__hover_enabled=&#8220;off&#8220; button_letter_spacing__hover_enabled=&#8220;off&#8220; button_one_letter_spacing__hover_enabled=&#8220;off&#8220; button_two_letter_spacing__hover_enabled=&#8220;off&#8220; button_bg_color__hover_enabled=&#8220;off&#8220; button_one_bg_color__hover_enabled=&#8220;off&#8220; button_two_bg_color__hover_enabled=&#8220;off&#8220;][\/et_pb_contact_field][et_pb_contact_field field_id=&#8220;Telefonnummer&#8220; field_title=&#8220;Telefonnummer&#8220; fullwidth_field=&#8220;on&#8220; _builder_version=&#8220;4.0.6&#8243;][\/et_pb_contact_field][et_pb_contact_field field_id=&#8220;Nachricht&#8220; field_title=&#8220;Nachricht&#8220; field_type=&#8220;text&#8220; fullwidth_field=&#8220;on&#8220; _builder_version=&#8220;4.0.6&#8243; button_text_size__hover_enabled=&#8220;off&#8220; button_one_text_size__hover_enabled=&#8220;off&#8220; button_two_text_size__hover_enabled=&#8220;off&#8220; button_text_color__hover_enabled=&#8220;off&#8220; button_one_text_color__hover_enabled=&#8220;off&#8220; button_two_text_color__hover_enabled=&#8220;off&#8220; button_border_width__hover_enabled=&#8220;off&#8220; button_one_border_width__hover_enabled=&#8220;off&#8220; button_two_border_width__hover_enabled=&#8220;off&#8220; button_border_color__hover_enabled=&#8220;off&#8220; button_one_border_color__hover_enabled=&#8220;off&#8220; button_two_border_color__hover_enabled=&#8220;off&#8220; button_border_radius__hover_enabled=&#8220;off&#8220; button_one_border_radius__hover_enabled=&#8220;off&#8220; button_two_border_radius__hover_enabled=&#8220;off&#8220; button_letter_spacing__hover_enabled=&#8220;off&#8220; button_one_letter_spacing__hover_enabled=&#8220;off&#8220; button_two_letter_spacing__hover_enabled=&#8220;off&#8220; button_bg_color__hover_enabled=&#8220;off&#8220; button_one_bg_color__hover_enabled=&#8220;off&#8220; button_two_bg_color__hover_enabled=&#8220;off&#8220;][\/et_pb_contact_field][et_pb_contact_field field_id=&#8220;Datenschutz&#8220; field_title=&#8220; &#8220; field_type=&#8220;checkbox&#8220; checkbox_options=&#8220;%91{%22value%22:%22Ich akzeptiere die Datenschutzerkl\u00e4rung.%22,%22checked%22:0,%22dragID%22:-1}%93&#8243; fullwidth_field=&#8220;on&#8220; _builder_version=&#8220;4.0.6&#8243;][\/et_pb_contact_field][\/et_pb_contact_form][\/et_pb_column][et_pb_column type=&#8220;1_3&#8243; _builder_version=&#8220;3.25&#8243; custom_padding=&#8220;|||&#8220; custom_padding__hover=&#8220;|||&#8220;][et_pb_blurb use_icon=&#8220;on&#8220; font_icon=&#8220;%%249%%&#8220; icon_color=&#8220;#000000&#8243; icon_placement=&#8220;left&#8220; use_icon_font_size=&#8220;on&#8220; icon_font_size=&#8220;22px&#8220; _builder_version=&#8220;4.0.6&#8243; header_font=&#8220;Libre Franklin|600|||||||&#8220; header_text_color=&#8220;#000000&#8243; header_line_height=&#8220;1.4em&#8220; body_font=&#8220;|600|||||||&#8220; body_text_color=&#8220;#000000&#8243; body_line_height=&#8220;1.8em&#8220; background_layout=&#8220;dark&#8220; animation=&#8220;off&#8220; border_width_bottom=&#8220;2px&#8220; border_color_bottom=&#8220;#000000&#8243; locked=&#8220;off&#8220;]Sputendorfer Weg 19<br \/>\n14532 Stahnsdorf OT G\u00fcterfelde[\/et_pb_blurb][et_pb_blurb use_icon=&#8220;on&#8220; font_icon=&#8220;%%264%%&#8220; icon_color=&#8220;#000000&#8243; icon_placement=&#8220;left&#8220; use_icon_font_size=&#8220;on&#8220; icon_font_size=&#8220;22px&#8220; _builder_version=&#8220;4.0.6&#8243; header_font=&#8220;Libre Franklin|600|||||||&#8220; header_text_color=&#8220;#000000&#8243; header_line_height=&#8220;1.4em&#8220; body_font=&#8220;|600|||||||&#8220; body_text_color=&#8220;#000000&#8243; body_line_height=&#8220;1.8em&#8220; background_layout=&#8220;dark&#8220; animation=&#8220;off&#8220; border_width_bottom=&#8220;2px&#8220; border_color_bottom=&#8220;#000000&#8243; locked=&#8220;off&#8220;]03329 &#8211; 6973060[\/et_pb_blurb][et_pb_blurb use_icon=&#8220;on&#8220; font_icon=&#8220;%%238%%&#8220; icon_color=&#8220;#000000&#8243; icon_placement=&#8220;left&#8220; use_icon_font_size=&#8220;on&#8220; icon_font_size=&#8220;22px&#8220; _builder_version=&#8220;4.0.6&#8243; header_font=&#8220;Libre Franklin|600|||||||&#8220; header_line_height=&#8220;1.4em&#8220; body_font=&#8220;|600|||||||&#8220; body_text_color=&#8220;#000000&#8243; body_line_height=&#8220;1.8em&#8220; background_layout=&#8220;dark&#8220; animation=&#8220;off&#8220; border_width_bottom=&#8220;2px&#8220; border_color_bottom=&#8220;#000000&#8243; locked=&#8220;off&#8220;]buero@elektro-kramer.de[\/et_pb_blurb][\/et_pb_column][\/et_pb_row][\/et_pb_section]\n","protected":false},"excerpt":{"rendered":"<p>Jobs\/Ausbildung Elektroinstallateur \/ Elektroniker f\u00fcr Energie- und Geb\u00e4udetechnik (m\/w\/d)Elektroinstallateur \/ Elektroniker f\u00fcr Energie- und Geb\u00e4udetechnikIhre Aufgaben Installation von Energie- und Geb\u00e4udetechnik; Service- Kunden- und Notdienst; Vernetzung von Informations- und Telekommunikationstechniken. Ihr Profil Ausbildung im Elektrohandwerk; Freude am Beruf; Kundenorientiertes Arbeiten; PKW F\u00fchrerschein w\u00e4re w\u00fcnschenswert. Wir bieten Ihnen Sehr gute Verdienstm\u00f6glichkeiten; Berufliche Perspektiven und Weiterbildung; Urlaubs- [&hellip;]<\/p>\n","protected":false},"author":2,"featured_media":0,"parent":0,"menu_order":0,"comment_status":"closed","ping_status":"closed","template":"","meta":{"_et_pb_use_builder":"on","_et_pb_old_content":"","_et_gb_content_width":""},"yoast_head":"<!-- This site is optimized with the Yoast SEO plugin v21.8.1 - https:\/\/yoast.com\/wordpress\/plugins\/seo\/ -->\n<title>Jobs\/Ausbildung bei Elektro Kramer<\/title>\n<meta name=\"description\" content=\"Elektroinstallateur \/ Elektroniker f\u00fcr Energie- und Geb\u00e4udetechnik (m\/w\/d). Jetzt bewerben!\" \/>\n<meta name=\"robots\" content=\"noindex, follow, max-snippet:-1, max-image-preview:large, max-video-preview:-1\" \/>\n<meta property=\"og:locale\" content=\"de_DE\" \/>\n<meta property=\"og:type\" content=\"article\" \/>\n<meta property=\"og:title\" content=\"Jobs\/Ausbildung bei Elektro Kramer\" \/>\n<meta property=\"og:description\" content=\"Elektroinstallateur \/ Elektroniker f\u00fcr Energie- und Geb\u00e4udetechnik (m\/w\/d). Jetzt bewerben!\" \/>\n<meta property=\"og:url\" content=\"https:\/\/elektro-kramer.de\/?page_id=54\" \/>\n<meta property=\"og:site_name\" content=\"Elektro Kramer\" \/>\n<meta name=\"twitter:card\" content=\"summary_large_image\" \/>\n<meta name=\"twitter:label1\" content=\"Est. reading time\" \/>\n\t<meta name=\"twitter:data1\" content=\"9 Minuten\" \/>\n<script type=\"application\/ld+json\" class=\"yoast-schema-graph\">{\"@context\":\"https:\/\/schema.org\",\"@graph\":[{\"@type\":\"WebPage\",\"@id\":\"https:\/\/elektro-kramer.de\/?page_id=54\",\"url\":\"https:\/\/elektro-kramer.de\/?page_id=54\",\"name\":\"Jobs\/Ausbildung bei Elektro Kramer\",\"isPartOf\":{\"@id\":\"https:\/\/elektro-kramer.de\/#website\"},\"datePublished\":\"2018-11-15T19:00:57+00:00\",\"dateModified\":\"2018-11-15T19:00:57+00:00\",\"description\":\"Elektroinstallateur \/ Elektroniker f\u00fcr Energie- und Geb\u00e4udetechnik (m\/w\/d). Jetzt bewerben!\",\"breadcrumb\":{\"@id\":\"https:\/\/elektro-kramer.de\/?page_id=54#breadcrumb\"},\"inLanguage\":\"de-DE\",\"potentialAction\":[{\"@type\":\"ReadAction\",\"target\":[\"https:\/\/elektro-kramer.de\/?page_id=54\"]}]},{\"@type\":\"BreadcrumbList\",\"@id\":\"https:\/\/elektro-kramer.de\/?page_id=54#breadcrumb\",\"itemListElement\":[{\"@type\":\"ListItem\",\"position\":1,\"name\":\"Home\",\"item\":\"https:\/\/elektro-kramer.de\/\"},{\"@type\":\"ListItem\",\"position\":2,\"name\":\"Jobs\/Ausbildung\"}]},{\"@type\":\"WebSite\",\"@id\":\"https:\/\/elektro-kramer.de\/#website\",\"url\":\"https:\/\/elektro-kramer.de\/\",\"name\":\"Elektro Kramer\",\"description\":\"Eine andere WordPress-Site.\",\"potentialAction\":[{\"@type\":\"SearchAction\",\"target\":{\"@type\":\"EntryPoint\",\"urlTemplate\":\"https:\/\/elektro-kramer.de\/?s={search_term_string}\"},\"query-input\":\"required name=search_term_string\"}],\"inLanguage\":\"de-DE\"}]}<\/script>\n<!-- \/ Yoast SEO plugin. -->","yoast_head_json":{"title":"Jobs\/Ausbildung bei Elektro Kramer","description":"Elektroinstallateur \/ Elektroniker f\u00fcr Energie- und Geb\u00e4udetechnik (m\/w\/d). Jetzt bewerben!","robots":{"index":"noindex","follow":"follow","max-snippet":"max-snippet:-1","max-image-preview":"max-image-preview:large","max-video-preview":"max-video-preview:-1"},"og_locale":"de_DE","og_type":"article","og_title":"Jobs\/Ausbildung bei Elektro Kramer","og_description":"Elektroinstallateur \/ Elektroniker f\u00fcr Energie- und Geb\u00e4udetechnik (m\/w\/d). Jetzt bewerben!","og_url":"https:\/\/elektro-kramer.de\/?page_id=54","og_site_name":"Elektro Kramer","twitter_card":"summary_large_image","twitter_misc":{"Est. reading time":"9 Minuten"},"schema":{"@context":"https:\/\/schema.org","@graph":[{"@type":"WebPage","@id":"https:\/\/elektro-kramer.de\/?page_id=54","url":"https:\/\/elektro-kramer.de\/?page_id=54","name":"Jobs\/Ausbildung bei Elektro Kramer","isPartOf":{"@id":"https:\/\/elektro-kramer.de\/#website"},"datePublished":"2018-11-15T19:00:57+00:00","dateModified":"2018-11-15T19:00:57+00:00","description":"Elektroinstallateur \/ Elektroniker f\u00fcr Energie- und Geb\u00e4udetechnik (m\/w\/d). Jetzt bewerben!","breadcrumb":{"@id":"https:\/\/elektro-kramer.de\/?page_id=54#breadcrumb"},"inLanguage":"de-DE","potentialAction":[{"@type":"ReadAction","target":["https:\/\/elektro-kramer.de\/?page_id=54"]}]},{"@type":"BreadcrumbList","@id":"https:\/\/elektro-kramer.de\/?page_id=54#breadcrumb","itemListElement":[{"@type":"ListItem","position":1,"name":"Home","item":"https:\/\/elektro-kramer.de\/"},{"@type":"ListItem","position":2,"name":"Jobs\/Ausbildung"}]},{"@type":"WebSite","@id":"https:\/\/elektro-kramer.de\/#website","url":"https:\/\/elektro-kramer.de\/","name":"Elektro Kramer","description":"Eine andere WordPress-Site.","potentialAction":[{"@type":"SearchAction","target":{"@type":"EntryPoint","urlTemplate":"https:\/\/elektro-kramer.de\/?s={search_term_string}"},"query-input":"required name=search_term_string"}],"inLanguage":"de-DE"}]}},"_links":{"self":[{"href":"https:\/\/elektro-kramer.de\/index.php?rest_route=\/wp\/v2\/pages\/54"}],"collection":[{"href":"https:\/\/elektro-kramer.de\/index.php?rest_route=\/wp\/v2\/pages"}],"about":[{"href":"https:\/\/elektro-kramer.de\/index.php?rest_route=\/wp\/v2\/types\/page"}],"author":[{"embeddable":true,"href":"https:\/\/elektro-kramer.de\/index.php?rest_route=\/wp\/v2\/users\/2"}],"replies":[{"embeddable":true,"href":"https:\/\/elektro-kramer.de\/index.php?rest_route=%2Fwp%2Fv2%2Fcomments&post=54"}],"version-history":[{"count":0,"href":"https:\/\/elektro-kramer.de\/index.php?rest_route=\/wp\/v2\/pages\/54\/revisions"}],"wp:attachment":[{"href":"https:\/\/elektro-kramer.de\/index.php?rest_route=%2Fwp%2Fv2%2Fmedia&parent=54"}],"curies":[{"name":"wp","href":"https:\/\/api.w.org\/{rel}","templated":true}]}}